{"id":3001,"date":"2020-08-20T17:49:59","date_gmt":"2020-08-20T17:49:59","guid":{"rendered":"https:\/\/ingrifo.com\/uslugi\/"},"modified":"2024-12-22T10:56:53","modified_gmt":"2024-12-22T10:56:53","slug":"it-solutions","status":"publish","type":"page","link":"https:\/\/ingrifo.com\/en\/it-solutions\/","title":{"rendered":"Services"},"content":{"rendered":"<p><div class=\"fusion-fullwidth fullwidth-box fusion-builder-row-1 fusion-flex-container has-pattern-background has-mask-background nonhundred-percent-fullwidth non-hundred-percent-height-scrolling\" style=\"--awb-border-radius-top-left:0px;--awb-border-radius-top-right:0px;--awb-border-radius-bottom-right:0px;--awb-border-radius-bottom-left:0px;--awb-padding-bottom:0px;--awb-flex-wrap:wrap;\" ><div class=\"fusion-builder-row fusion-row fusion-flex-align-items-flex-start fusion-flex-justify-content-center fusion-flex-content-wrap\" style=\"max-width:1310.4px;margin-left: calc(-4% \/ 2 );margin-right: calc(-4% \/ 2 );\"><div class=\"fusion-layout-column fusion_builder_column fusion-builder-column-0 fusion_builder_column_4_5 4_5 fusion-flex-column\" style=\"--awb-bg-size:cover;--awb-width-large:80%;--awb-margin-top-large:20px;--awb-spacing-right-large:2.4%;--awb-margin-bottom-large:20px;--awb-spacing-left-large:2.4%;--awb-width-medium:80%;--awb-order-medium:0;--awb-spacing-right-medium:2.4%;--awb-spacing-left-medium:2.4%;--awb-width-small:100%;--awb-order-small:0;--awb-spacing-right-small:1.92%;--awb-spacing-left-small:1.92%;\"><div class=\"fusion-column-wrapper fusion-column-has-shadow fusion-flex-justify-content-flex-start fusion-content-layout-column\"><div class=\"fusion-text fusion-text-1\"><p><b>IT solutions are an integral part of today\u2019s business. Optimized and tailored to customer needs, they help to drive effective operations in a competitive environment. <\/b><\/p>\n<\/div><div class=\"fusion-text fusion-text-2\"><p>Our services cover all areas of business that require secure and effective solutions for data, infrastructure and efficient management of corporate processes.<\/p>\n<\/div><\/div><\/div><\/div><\/div><div class=\"fusion-fullwidth fullwidth-box fusion-builder-row-2 fusion-flex-container nonhundred-percent-fullwidth non-hundred-percent-height-scrolling\" style=\"--link_hover_color: var(--awb-color5);--link_color: var(--awb-color7);--awb-border-radius-top-left:0px;--awb-border-radius-top-right:0px;--awb-border-radius-bottom-right:0px;--awb-border-radius-bottom-left:0px;--awb-padding-top:50px;--awb-padding-bottom:120px;--awb-padding-top-medium:60px;--awb-padding-bottom-medium:80px;--awb-padding-top-small:24px;--awb-padding-bottom-small:48px;--awb-flex-wrap:wrap;\" ><div class=\"fusion-builder-row fusion-row fusion-flex-align-items-flex-start fusion-flex-justify-content-center fusion-flex-content-wrap\" style=\"max-width:1310.4px;margin-left: calc(-4% \/ 2 );margin-right: calc(-4% \/ 2 );\"><div class=\"fusion-layout-column fusion_builder_column fusion-builder-column-1 fusion_builder_column_2_5 2_5 fusion-flex-column fusion-flex-align-self-stretch\" style=\"--awb-padding-top:36px;--awb-padding-right:40px;--awb-padding-bottom:16px;--awb-padding-left:40px;--awb-overflow:hidden;--awb-bg-size:cover;--awb-box-shadow:0px 2px 4px -1px hsla(var(--awb-color1-h),var(--awb-color1-s),calc( var(--awb-color1-l) - 100% ),calc( var(--awb-color1-a) - 95% ));;--awb-border-color:hsla(var(--awb-color1-h),var(--awb-color1-s),calc( var(--awb-color1-l) - 100% ),calc( var(--awb-color1-a) - 95% ));--awb-border-top:1px;--awb-border-right:1px;--awb-border-bottom:1px;--awb-border-left:1px;--awb-border-style:solid;--awb-border-radius:8px 8px 8px 8px;--awb-width-large:40%;--awb-margin-top-large:20px;--awb-spacing-right-large:20px;--awb-margin-bottom-large:20px;--awb-spacing-left-large:20px;--awb-width-medium:50%;--awb-order-medium:0;--awb-spacing-right-medium:20px;--awb-spacing-left-medium:20px;--awb-width-small:100%;--awb-order-small:0;--awb-spacing-right-small:1.92%;--awb-margin-bottom-small:10px;--awb-spacing-left-small:1.92%;\"><div class=\"fusion-column-wrapper fusion-column-has-shadow fusion-flex-justify-content-flex-start fusion-content-layout-column\"><i class=\"fb-icon-element-1 fb-icon-element fontawesome-icon fa-cog fas circle-no fusion-text-flow icon-hover-animation-slide\" style=\"--awb-iconcolor-hover:var(--awb-color7);--awb-font-size:32px;--awb-margin-bottom:16px;\"><\/i><div class=\"fusion-title title fusion-title-1 fusion-sep-none fusion-title-text fusion-title-size-two\"><h2 class=\"fusion-title-heading title-heading-left fusion-responsive-typography-calculated\" style=\"margin:0;--fontSize:48;line-height:1.2;\"><a href=\"https:\/\/ingrifo.com\/uslugi\/service-management\/\" class=\"awb-custom-text-color awb-custom-text-hover-color\" target=\"_self\">Service Management<\/a><\/h2><\/div><div class=\"fusion-text fusion-text-3\"><p>Efficient processes and IT systems that guarantee the highest quality of service<\/p>\n<\/div><div class=\"fusion-separator fusion-full-width-sep\" style=\"align-self: center;margin-left: auto;margin-right: auto;margin-bottom:20px;width:100%;\"><\/div><\/div><\/div><div class=\"fusion-layout-column fusion_builder_column fusion-builder-column-2 fusion_builder_column_2_5 2_5 fusion-flex-column fusion-flex-align-self-stretch\" style=\"--awb-padding-top:36px;--awb-padding-right:40px;--awb-padding-bottom:16px;--awb-padding-left:40px;--awb-overflow:hidden;--awb-bg-size:cover;--awb-box-shadow:0px 2px 4px -1px hsla(var(--awb-color1-h),var(--awb-color1-s),calc( var(--awb-color1-l) - 100% ),calc( var(--awb-color1-a) - 95% ));;--awb-border-color:hsla(var(--awb-color1-h),var(--awb-color1-s),calc( var(--awb-color1-l) - 100% ),calc( var(--awb-color1-a) - 95% ));--awb-border-top:1px;--awb-border-right:1px;--awb-border-bottom:1px;--awb-border-left:1px;--awb-border-style:solid;--awb-border-radius:8px 8px 8px 8px;--awb-width-large:40%;--awb-margin-top-large:20px;--awb-spacing-right-large:20px;--awb-margin-bottom-large:20px;--awb-spacing-left-large:20px;--awb-width-medium:50%;--awb-order-medium:0;--awb-spacing-right-medium:20px;--awb-spacing-left-medium:20px;--awb-width-small:100%;--awb-order-small:0;--awb-spacing-right-small:1.92%;--awb-margin-bottom-small:10px;--awb-spacing-left-small:1.92%;\"><div class=\"fusion-column-wrapper fusion-column-has-shadow fusion-flex-justify-content-flex-start fusion-content-layout-column\"><i class=\"fb-icon-element-2 fb-icon-element fontawesome-icon fa-server fas circle-no fusion-text-flow icon-hover-animation-slide\" style=\"--awb-iconcolor-hover:var(--awb-color7);--awb-font-size:32px;--awb-margin-bottom:16px;\"><\/i><div class=\"fusion-title title fusion-title-2 fusion-sep-none fusion-title-text fusion-title-size-two\"><h2 class=\"fusion-title-heading title-heading-left fusion-responsive-typography-calculated\" style=\"margin:0;--fontSize:48;line-height:1.2;\"><a href=\"https:\/\/ingrifo.com\/uslugi\/cmdb\/\" class=\"awb-custom-text-color awb-custom-text-hover-color\" target=\"_self\">CMDB<\/a><\/h2><\/div><div class=\"fusion-text fusion-text-4\"><p>The source of knowledge about the organization is the configuration management system (CMS) based on the central configuration unit database (CMDB).<\/p>\n<\/div><div class=\"fusion-separator fusion-full-width-sep\" style=\"align-self: center;margin-left: auto;margin-right: auto;margin-bottom:20px;width:100%;\"><\/div><\/div><\/div><div class=\"fusion-layout-column fusion_builder_column fusion-builder-column-3 fusion_builder_column_2_5 2_5 fusion-flex-column fusion-flex-align-self-stretch\" style=\"--awb-padding-top:36px;--awb-padding-right:40px;--awb-padding-bottom:16px;--awb-padding-left:40px;--awb-overflow:hidden;--awb-bg-size:cover;--awb-box-shadow:0px 2px 4px -1px hsla(var(--awb-color1-h),var(--awb-color1-s),calc( var(--awb-color1-l) - 100% ),calc( var(--awb-color1-a) - 95% ));;--awb-border-color:hsla(var(--awb-color1-h),var(--awb-color1-s),calc( var(--awb-color1-l) - 100% ),calc( var(--awb-color1-a) - 95% ));--awb-border-top:1px;--awb-border-right:1px;--awb-border-bottom:1px;--awb-border-left:1px;--awb-border-style:solid;--awb-border-radius:8px 8px 8px 8px;--awb-width-large:40%;--awb-margin-top-large:20px;--awb-spacing-right-large:20px;--awb-margin-bottom-large:20px;--awb-spacing-left-large:20px;--awb-width-medium:50%;--awb-order-medium:0;--awb-spacing-right-medium:20px;--awb-spacing-left-medium:20px;--awb-width-small:100%;--awb-order-small:0;--awb-spacing-right-small:1.92%;--awb-margin-bottom-small:10px;--awb-spacing-left-small:1.92%;\"><div class=\"fusion-column-wrapper fusion-column-has-shadow fusion-flex-justify-content-flex-start fusion-content-layout-column\"><i class=\"fb-icon-element-3 fb-icon-element fontawesome-icon fa-chart-line fas circle-no fusion-text-flow icon-hover-animation-slide\" style=\"--awb-iconcolor-hover:var(--awb-color7);--awb-font-size:32px;--awb-margin-bottom:16px;\"><\/i><div class=\"fusion-title title fusion-title-3 fusion-sep-none fusion-title-text fusion-title-size-two\"><h2 class=\"fusion-title-heading title-heading-left fusion-responsive-typography-calculated\" style=\"margin:0;--fontSize:48;line-height:1.2;\"><a href=\"https:\/\/ingrifo.com\/uslugi\/asset-management\/\" class=\"awb-custom-text-color awb-custom-text-hover-color\" target=\"_self\">Asset Management<\/a><\/h2><\/div><div class=\"fusion-text fusion-text-5\"><p>Accelerate operations and ease the financial burden on the company<\/p>\n<\/div><div class=\"fusion-separator fusion-full-width-sep\" style=\"align-self: center;margin-left: auto;margin-right: auto;margin-bottom:20px;width:100%;\"><\/div><\/div><\/div><div class=\"fusion-layout-column fusion_builder_column fusion-builder-column-4 fusion_builder_column_2_5 2_5 fusion-flex-column fusion-flex-align-self-stretch\" style=\"--awb-padding-top:36px;--awb-padding-right:40px;--awb-padding-bottom:16px;--awb-padding-left:40px;--awb-overflow:hidden;--awb-bg-size:cover;--awb-box-shadow:0px 2px 4px -1px hsla(var(--awb-color1-h),var(--awb-color1-s),calc( var(--awb-color1-l) - 100% ),calc( var(--awb-color1-a) - 95% ));;--awb-border-color:hsla(var(--awb-color1-h),var(--awb-color1-s),calc( var(--awb-color1-l) - 100% ),calc( var(--awb-color1-a) - 95% ));--awb-border-top:1px;--awb-border-right:1px;--awb-border-bottom:1px;--awb-border-left:1px;--awb-border-style:solid;--awb-border-radius:8px 8px 8px 8px;--awb-width-large:40%;--awb-margin-top-large:20px;--awb-spacing-right-large:20px;--awb-margin-bottom-large:20px;--awb-spacing-left-large:20px;--awb-width-medium:50%;--awb-order-medium:0;--awb-spacing-right-medium:20px;--awb-spacing-left-medium:20px;--awb-width-small:100%;--awb-order-small:0;--awb-spacing-right-small:1.92%;--awb-margin-bottom-small:10px;--awb-spacing-left-small:1.92%;\"><div class=\"fusion-column-wrapper fusion-column-has-shadow fusion-flex-justify-content-flex-start fusion-content-layout-column\"><i class=\"fb-icon-element-4 fb-icon-element fontawesome-icon fa-project-diagram fas circle-no fusion-text-flow icon-hover-animation-slide\" style=\"--awb-iconcolor-hover:var(--awb-color7);--awb-font-size:32px;--awb-margin-bottom:16px;\"><\/i><div class=\"fusion-title title fusion-title-4 fusion-sep-none fusion-title-text fusion-title-size-two\"><h2 class=\"fusion-title-heading title-heading-left fusion-responsive-typography-calculated\" style=\"margin:0;--fontSize:48;line-height:1.2;\"><a href=\"https:\/\/ingrifo.com\/uslugi\/operation-management\/\" class=\"awb-custom-text-color awb-custom-text-hover-color\" target=\"_self\">Operation Management<\/a><\/h2><\/div><div class=\"fusion-text fusion-text-6\"><p>Efficient operation of IT infrastructure and services in the organization<\/p>\n<\/div><div class=\"fusion-separator fusion-full-width-sep\" style=\"align-self: center;margin-left: auto;margin-right: auto;margin-bottom:20px;width:100%;\"><\/div><\/div><\/div><div class=\"fusion-layout-column fusion_builder_column fusion-builder-column-5 fusion_builder_column_1_2 1_2 fusion-flex-column\" style=\"--awb-bg-size:cover;--awb-width-large:50%;--awb-margin-top-large:32px;--awb-spacing-right-large:3.84%;--awb-margin-bottom-large:20px;--awb-spacing-left-large:3.84%;--awb-width-medium:66.666666666667%;--awb-order-medium:0;--awb-spacing-right-medium:2.88%;--awb-spacing-left-medium:2.88%;--awb-width-small:100%;--awb-order-small:0;--awb-spacing-right-small:1.92%;--awb-spacing-left-small:1.92%;\"><div class=\"fusion-column-wrapper fusion-column-has-shadow fusion-flex-justify-content-flex-start fusion-content-layout-column\"><div class=\"fusion-title title fusion-title-5 fusion-sep-none fusion-title-center fusion-title-text fusion-title-size-three\"><h3 class=\"fusion-title-heading title-heading-center fusion-responsive-typography-calculated\" style=\"margin:0;--fontSize:36;line-height:1.3;\">Potrzebujesz spersonalizowanego rozwi\u0105zania lub us\u0142ugi<span style=\"color: var(--awb-color7);\">?<\/span><\/h3><\/div><div class=\"fusion-text fusion-text-7\" style=\"--awb-content-alignment:center;\"><p>Skontaktuj si\u0119 z nami, a wsp\u00f3lnie znajdziemy idealne rozwi\u0105zanie dopasowane do Twoich potrzeb!<\/p>\n<\/div><div style=\"text-align:center;\"><a class=\"fusion-button button-flat fusion-button-default-size button-default fusion-button-default button-1 fusion-button-default-span fusion-button-default-type\" style=\"--button_margin-top:10px;\" target=\"_self\" href=\"https:\/\/ingrifo.com\/en\/contact\/\"><span class=\"fusion-button-text\">Jak mo\u017cemy pom\u00f3c?<\/span><\/a><\/div><\/div><\/div>\n<\/div><\/div><\/p>\n","protected":false},"excerpt":{"rendered":"","protected":false},"author":1,"featured_media":0,"parent":0,"menu_order":0,"comment_status":"closed","ping_status":"closed","template":"100-width.php","meta":{"footnotes":""},"class_list":["post-3001","page","type-page","status-publish","hentry"],"yoast_head":"<!-- This site is optimized with the Yoast SEO plugin v26.3 - https:\/\/yoast.com\/wordpress\/plugins\/seo\/ -->\n<title>Services - Ingrifo<\/title>\n<meta name=\"robots\" content=\"index, follow, max-snippet:-1, max-image-preview:large, max-video-preview:-1\" \/>\n<link rel=\"canonical\" href=\"https:\/\/ingrifo.com\/en\/it-solutions\/\" \/>\n<meta property=\"og:locale\" content=\"en_US\" \/>\n<meta property=\"og:type\" content=\"article\" \/>\n<meta property=\"og:title\" content=\"Services - Ingrifo\" \/>\n<meta property=\"og:url\" content=\"https:\/\/ingrifo.com\/en\/it-solutions\/\" \/>\n<meta property=\"og:site_name\" content=\"Ingrifo\" \/>\n<meta property=\"article:publisher\" content=\"https:\/\/www.facebook.com\/ingrifoIT\" \/>\n<meta property=\"article:modified_time\" content=\"2024-12-22T10:56:53+00:00\" \/>\n<meta name=\"twitter:card\" content=\"summary_large_image\" \/>\n<meta name=\"twitter:site\" content=\"@IngrifoWarszawa\" \/>\n<meta name=\"twitter:label1\" content=\"Est. reading time\" \/>\n\t<meta name=\"twitter:data1\" content=\"14 minutes\" \/>\n<script type=\"application\/ld+json\" class=\"yoast-schema-graph\">{\"@context\":\"https:\/\/schema.org\",\"@graph\":[{\"@type\":\"WebPage\",\"@id\":\"https:\/\/ingrifo.com\/en\/it-solutions\/\",\"url\":\"https:\/\/ingrifo.com\/en\/it-solutions\/\",\"name\":\"Services - Ingrifo\",\"isPartOf\":{\"@id\":\"https:\/\/ingrifo.com\/en\/#website\"},\"datePublished\":\"2020-08-20T17:49:59+00:00\",\"dateModified\":\"2024-12-22T10:56:53+00:00\",\"breadcrumb\":{\"@id\":\"https:\/\/ingrifo.com\/en\/it-solutions\/#breadcrumb\"},\"inLanguage\":\"en-US\",\"potentialAction\":[{\"@type\":\"ReadAction\",\"target\":[\"https:\/\/ingrifo.com\/en\/it-solutions\/\"]}]},{\"@type\":\"BreadcrumbList\",\"@id\":\"https:\/\/ingrifo.com\/en\/it-solutions\/#breadcrumb\",\"itemListElement\":[{\"@type\":\"ListItem\",\"position\":1,\"name\":\"Strona g\u0142\u00f3wna\",\"item\":\"https:\/\/ingrifo.com\/en\/\"},{\"@type\":\"ListItem\",\"position\":2,\"name\":\"Services\"}]},{\"@type\":\"WebSite\",\"@id\":\"https:\/\/ingrifo.com\/en\/#website\",\"url\":\"https:\/\/ingrifo.com\/en\/\",\"name\":\"Ingrifo\",\"description\":\"Sustainable growth to make IT work\",\"publisher\":{\"@id\":\"https:\/\/ingrifo.com\/en\/#organization\"},\"potentialAction\":[{\"@type\":\"SearchAction\",\"target\":{\"@type\":\"EntryPoint\",\"urlTemplate\":\"https:\/\/ingrifo.com\/en\/?s={search_term_string}\"},\"query-input\":{\"@type\":\"PropertyValueSpecification\",\"valueRequired\":true,\"valueName\":\"search_term_string\"}}],\"inLanguage\":\"en-US\"},{\"@type\":\"Organization\",\"@id\":\"https:\/\/ingrifo.com\/en\/#organization\",\"name\":\"Ingrifo IT\",\"url\":\"https:\/\/ingrifo.com\/en\/\",\"logo\":{\"@type\":\"ImageObject\",\"inLanguage\":\"en-US\",\"@id\":\"https:\/\/ingrifo.com\/en\/#\/schema\/logo\/image\/\",\"url\":\"https:\/\/ingrifo.com\/wp-content\/uploads\/2024\/12\/ingrifo-logo-342x102-1.png\",\"contentUrl\":\"https:\/\/ingrifo.com\/wp-content\/uploads\/2024\/12\/ingrifo-logo-342x102-1.png\",\"width\":342,\"height\":102,\"caption\":\"Ingrifo IT\"},\"image\":{\"@id\":\"https:\/\/ingrifo.com\/en\/#\/schema\/logo\/image\/\"},\"sameAs\":[\"https:\/\/www.facebook.com\/ingrifoIT\",\"https:\/\/x.com\/IngrifoWarszawa\",\"https:\/\/www.linkedin.com\/company\/ingrifo\",\"https:\/\/www.youtube.com\/@Ingrifo\"]}]}<\/script>\n<!-- \/ Yoast SEO plugin. -->","yoast_head_json":{"title":"Services - Ingrifo","robots":{"index":"index","follow":"follow","max-snippet":"max-snippet:-1","max-image-preview":"max-image-preview:large","max-video-preview":"max-video-preview:-1"},"canonical":"https:\/\/ingrifo.com\/en\/it-solutions\/","og_locale":"en_US","og_type":"article","og_title":"Services - Ingrifo","og_url":"https:\/\/ingrifo.com\/en\/it-solutions\/","og_site_name":"Ingrifo","article_publisher":"https:\/\/www.facebook.com\/ingrifoIT","article_modified_time":"2024-12-22T10:56:53+00:00","twitter_card":"summary_large_image","twitter_site":"@IngrifoWarszawa","twitter_misc":{"Est. reading time":"14 minutes"},"schema":{"@context":"https:\/\/schema.org","@graph":[{"@type":"WebPage","@id":"https:\/\/ingrifo.com\/en\/it-solutions\/","url":"https:\/\/ingrifo.com\/en\/it-solutions\/","name":"Services - Ingrifo","isPartOf":{"@id":"https:\/\/ingrifo.com\/en\/#website"},"datePublished":"2020-08-20T17:49:59+00:00","dateModified":"2024-12-22T10:56:53+00:00","breadcrumb":{"@id":"https:\/\/ingrifo.com\/en\/it-solutions\/#breadcrumb"},"inLanguage":"en-US","potentialAction":[{"@type":"ReadAction","target":["https:\/\/ingrifo.com\/en\/it-solutions\/"]}]},{"@type":"BreadcrumbList","@id":"https:\/\/ingrifo.com\/en\/it-solutions\/#breadcrumb","itemListElement":[{"@type":"ListItem","position":1,"name":"Strona g\u0142\u00f3wna","item":"https:\/\/ingrifo.com\/en\/"},{"@type":"ListItem","position":2,"name":"Services"}]},{"@type":"WebSite","@id":"https:\/\/ingrifo.com\/en\/#website","url":"https:\/\/ingrifo.com\/en\/","name":"Ingrifo","description":"Sustainable growth to make IT work","publisher":{"@id":"https:\/\/ingrifo.com\/en\/#organization"},"potentialAction":[{"@type":"SearchAction","target":{"@type":"EntryPoint","urlTemplate":"https:\/\/ingrifo.com\/en\/?s={search_term_string}"},"query-input":{"@type":"PropertyValueSpecification","valueRequired":true,"valueName":"search_term_string"}}],"inLanguage":"en-US"},{"@type":"Organization","@id":"https:\/\/ingrifo.com\/en\/#organization","name":"Ingrifo IT","url":"https:\/\/ingrifo.com\/en\/","logo":{"@type":"ImageObject","inLanguage":"en-US","@id":"https:\/\/ingrifo.com\/en\/#\/schema\/logo\/image\/","url":"https:\/\/ingrifo.com\/wp-content\/uploads\/2024\/12\/ingrifo-logo-342x102-1.png","contentUrl":"https:\/\/ingrifo.com\/wp-content\/uploads\/2024\/12\/ingrifo-logo-342x102-1.png","width":342,"height":102,"caption":"Ingrifo IT"},"image":{"@id":"https:\/\/ingrifo.com\/en\/#\/schema\/logo\/image\/"},"sameAs":["https:\/\/www.facebook.com\/ingrifoIT","https:\/\/x.com\/IngrifoWarszawa","https:\/\/www.linkedin.com\/company\/ingrifo","https:\/\/www.youtube.com\/@Ingrifo"]}]}},"_links":{"self":[{"href":"https:\/\/ingrifo.com\/en\/wp-json\/wp\/v2\/pages\/3001","targetHints":{"allow":["GET"]}}],"collection":[{"href":"https:\/\/ingrifo.com\/en\/wp-json\/wp\/v2\/pages"}],"about":[{"href":"https:\/\/ingrifo.com\/en\/wp-json\/wp\/v2\/types\/page"}],"author":[{"embeddable":true,"href":"https:\/\/ingrifo.com\/en\/wp-json\/wp\/v2\/users\/1"}],"replies":[{"embeddable":true,"href":"https:\/\/ingrifo.com\/en\/wp-json\/wp\/v2\/comments?post=3001"}],"version-history":[{"count":4,"href":"https:\/\/ingrifo.com\/en\/wp-json\/wp\/v2\/pages\/3001\/revisions"}],"predecessor-version":[{"id":3096,"href":"https:\/\/ingrifo.com\/en\/wp-json\/wp\/v2\/pages\/3001\/revisions\/3096"}],"wp:attachment":[{"href":"https:\/\/ingrifo.com\/en\/wp-json\/wp\/v2\/media?parent=3001"}],"curies":[{"name":"wp","href":"https:\/\/api.w.org\/{rel}","templated":true}]}}